{"id":87,"date":"2016-03-23T15:56:26","date_gmt":"2016-03-23T15:56:26","guid":{"rendered":"http:\/\/www.glamourhotel.com\/?page_id=87"},"modified":"2019-08-21T08:58:29","modified_gmt":"2019-08-21T08:58:29","slug":"odalar","status":"publish","type":"page","link":"https:\/\/www.glamourhotel.com\/tr\/odalar\/","title":{"rendered":"Odalar"},"content":{"rendered":"<p>[vc_row full_width=&#8221;stretch_row&#8221; css=&#8221;.vc_custom_1458804026253{margin-top: -25px !important;border-top-width: -25px !important;padding-top: -25px !important;background-image: url(http:\/\/www.glamourhotel.com\/wp-content\/uploads\/2016\/03\/bg-1.jpg?id=60) !important;background-position: center !important;background-repeat: no-repeat !important;background-size: cover !important;border-top-color: #0199ca !important;border-top-style: solid !important;}&#8221;][vc_column][vc_row_inner css=&#8221;.vc_custom_1458803556831{margin-top: -40px !important;margin-bottom: 20px !important;border-top-width: -40px !important;border-bottom-width: 20px !important;padding-top: -40px !important;padding-bottom: 20px !important;}&#8221;][vc_column_inner width=&#8221;1\/2&#8243;][vc_single_image image=&#8221;95&#8243; img_size=&#8221;628&#215;485&#8243; onclick=&#8221;custom_link&#8221; link=&#8221;\/tr\/rooms\/standart-cift-kisilik-oda\/&#8221;]<div id=\"ultimate-heading-414969eb5448b1957\" class=\"uvc-heading ult-adjust-bottom-margin ultimate-heading-414969eb5448b1957 uvc-639 \" data-hspacer=\"image_only\"  data-halign=\"center\" style=\"text-align:center\"><div class=\"uvc-main-heading ult-responsive\"  data-ultimate-target='.uvc-heading.ultimate-heading-414969eb5448b1957 h3'  data-responsive-json-new='{\"font-size\":\"\",\"line-height\":\"\"}' ><h3 style=\"font-weight:normal;\">Standart \u00c7ift Ki\u015filik Oda 14m2<\/h3><\/div><div class=\"uvc-heading-spacer image_only\" style=\"top\"><img src=\"https:\/\/www.glamourhotel.com\/wp-content\/uploads\/2015\/12\/decor-2-big-turq.png\" class=\"ultimate-headings-icon-image\" alt=\"null\" style=\"width:260px\"\/><\/div><\/div>[vc_column_text css=&#8221;.vc_custom_1566312303832{margin-top: 20px !important;}&#8221;]\u00dccretsiz WI-FI, 32 in\u00e7 Uydu HDTV, Laptop \u00f6l\u00e7\u00fclerinde G\u00fcvenlik Kasas\u0131, Minibar, Sa\u00e7 Kurutma Makinas, Kettle, \u00dccretsiz \u00c7ay ve Kahve Sunumu, Terlik ve Y\u00fcksek Kaliteli Buklet Malzemeleri<\/p>\n<p>Tek b\u00fcy\u00fck yatakl\u0131 bu \u00e7a\u011fda\u015f konuk odas\u0131nda gev\u015feyin ve hayran kal\u0131n.<\/p>\n<p>Rahatlay\u0131n ve \u00fccretsiz WiFi ile ileti\u015fiminizi s\u00fcrd\u00fcr\u00fcn.<\/p>\n<p>Maksimum: \u0130ki ki\u015filik[\/vc_column_text][\/vc_column_inner][vc_column_inner width=&#8221;1\/2&#8243;][vc_single_image image=&#8221;96&#8243; img_size=&#8221;628&#215;485&#8243; onclick=&#8221;custom_link&#8221; link=&#8221;\/tr\/rooms\/standart-uc-kisilik-oda&#8221;]<div id=\"ultimate-heading-505769eb5448b1a06\" class=\"uvc-heading ult-adjust-bottom-margin ultimate-heading-505769eb5448b1a06 uvc-1883 \" data-hspacer=\"image_only\"  data-halign=\"center\" style=\"text-align:center\"><div class=\"uvc-main-heading ult-responsive\"  data-ultimate-target='.uvc-heading.ultimate-heading-505769eb5448b1a06 h3'  data-responsive-json-new='{\"font-size\":\"\",\"line-height\":\"\"}' ><h3 style=\"font-weight:normal;\">Standart \u00dc\u00e7 Ki\u015filik Oda 18m2<\/h3><\/div><div class=\"uvc-heading-spacer image_only\" style=\"top\"><img src=\"https:\/\/www.glamourhotel.com\/wp-content\/uploads\/2015\/12\/decor-2-big-turq.png\" class=\"ultimate-headings-icon-image\" alt=\"null\" style=\"width:260px\"\/><\/div><\/div>[vc_column_text css=&#8221;.vc_custom_1566312337865{margin-top: 20px !important;}&#8221;]\u00dccretsiz WI-FI, 32 in\u00e7 Uydu HDTV, Laptop \u00f6l\u00e7\u00fclerinde G\u00fcvenlik Kasas\u0131, Minibar, Sa\u00e7 Kurutma Makinas, Kettle, \u00dccretsiz \u00c7ay ve Kahve Sunumu, Terlik ve Y\u00fcksek Kaliteli Buklet Malzemeleri<\/p>\n<p>\u0130ki adet tek ki\u015filik ve bir adet sofa yatakl\u0131 bu \u00e7a\u011fda\u015f konuk odas\u0131nda gev\u015feyin ve hayran kal\u0131n.<\/p>\n<p>Rahatlay\u0131n ve \u00fccretsiz WiFi ile ileti\u015fiminizi s\u00fcrd\u00fcr\u00fcn.<\/p>\n<p>Maksimum: \u00dc\u00e7 ki\u015filik[\/vc_column_text][\/vc_column_inner][\/vc_row_inner][vc_row_inner css=&#8221;.vc_custom_1458803556831{margin-top: -40px !important;margin-bottom: 20px !important;border-top-width: -40px !important;border-bottom-width: 20px !important;padding-top: -40px !important;padding-bottom: 20px !important;}&#8221;][vc_column_inner width=&#8221;1\/2&#8243;][vc_single_image image=&#8221;1625&#8243; img_size=&#8221;628&#215;485&#8243; onclick=&#8221;custom_link&#8221; link=&#8221;\/tr\/rooms\/standart-cift-kisilik-oda\/&#8221;]<div id=\"ultimate-heading-553369eb5448b1a94\" class=\"uvc-heading ult-adjust-bottom-margin ultimate-heading-553369eb5448b1a94 uvc-3303 \" data-hspacer=\"image_only\"  data-halign=\"center\" style=\"text-align:center\"><div class=\"uvc-main-heading ult-responsive\"  data-ultimate-target='.uvc-heading.ultimate-heading-553369eb5448b1a94 h3'  data-responsive-json-new='{\"font-size\":\"\",\"line-height\":\"\"}' ><h3 style=\"font-weight:normal;\">Ba\u011flant\u0131l\u0131 Aile Odas\u0131 22m2<\/h3><\/div><div class=\"uvc-heading-spacer image_only\" style=\"top\"><img src=\"https:\/\/www.glamourhotel.com\/wp-content\/uploads\/2015\/12\/decor-2-big-turq.png\" class=\"ultimate-headings-icon-image\" alt=\"null\" style=\"width:260px\"\/><\/div><\/div>[vc_column_text css=&#8221;.vc_custom_1566312480314{margin-top: 20px !important;}&#8221;]\u00dccretsiz WI-FI, 32 in\u00e7 Uydu HDTV, Laptop \u00f6l\u00e7\u00fclerinde G\u00fcvenlik Kasas\u0131, Mini Buzdolab\u0131, Sa\u00e7 Kurutma Makinas\u0131, Kettle, \u00dccretsiz \u00c7ay ve Kahve Sunumu, Terlik ve Y\u00fcksek Kaliteli Buklet Malzemeleri<\/p>\n<p>Tek b\u00fcy\u00fck yatakl\u0131 bu \u00e7a\u011fda\u015f konuk odas\u0131nda gev\u015feyin ve hayran kal\u0131n.<\/p>\n<p>Rahatlay\u0131n ve \u00fccretsiz WiFi ile ileti\u015fiminizi s\u00fcrd\u00fcr\u00fcn.<\/p>\n<p>Maksimum: D\u00f6rt ki\u015filik[\/vc_column_text][\/vc_column_inner][vc_column_inner width=&#8221;1\/2&#8243;][vc_single_image image=&#8221;1629&#8243; img_size=&#8221;628&#215;485&#8243; onclick=&#8221;custom_link&#8221; link=&#8221;\/tr\/rooms\/standart-uc-kisilik-oda&#8221;]<div id=\"ultimate-heading-839569eb5448b1b1d\" class=\"uvc-heading ult-adjust-bottom-margin ultimate-heading-839569eb5448b1b1d uvc-3174 \" data-hspacer=\"image_only\"  data-halign=\"center\" style=\"text-align:center\"><div class=\"uvc-main-heading ult-responsive\"  data-ultimate-target='.uvc-heading.ultimate-heading-839569eb5448b1b1d h3'  data-responsive-json-new='{\"font-size\":\"\",\"line-height\":\"\"}' ><h3 style=\"font-weight:normal;\">Deniz Manzaral\u0131 Deluxe Oda 25 m2<\/h3><\/div><div class=\"uvc-heading-spacer image_only\" style=\"top\"><img src=\"https:\/\/www.glamourhotel.com\/wp-content\/uploads\/2015\/12\/decor-2-big-turq.png\" class=\"ultimate-headings-icon-image\" alt=\"null\" style=\"width:260px\"\/><\/div><\/div>[vc_column_text css=&#8221;.vc_custom_1458913510327{margin-top: 20px !important;}&#8221;]<\/p>\n<p style=\"text-align: center;\">2\u00a0adet \u00e7ift ki\u015filik yatak ve 1 adet \u00e7ekyat.\u00a0Boyut: 19 m<sup>2<br \/>\n<\/sup>Oda \u00f6zellikleri:\u00a0\u00dccretsiz\u00a0WiFi, LCD TV, Kahve\/\u00e7ay\u00a0makinesi\u00a0ve minibar, \u00d6zel banyo, Du\u015f, Terlik,\u00a0ve \u00fccretsiz tuvalet.<\/p>\n<p>[\/vc_column_text][\/vc_column_inner][\/vc_row_inner][vc_row_inner css=&#8221;.vc_custom_1458804398239{margin-top: 10px !important;border-top-width: 10px !important;padding-top: 10px !important;}&#8221;][vc_column_inner width=&#8221;1\/3&#8243;][vc_single_image image=&#8221;121&#8243; img_size=&#8221;360&#215;200&#8243; onclick=&#8221;custom_link&#8221; link=&#8221;\/tr\/rooms\/standart-cift-kisilik-oda-kucuk&#8221;]<div id=\"ultimate-heading-777069eb5448b2018\" class=\"uvc-heading ult-adjust-bottom-margin ultimate-heading-777069eb5448b2018 uvc-8265 \" data-hspacer=\"image_only\"  data-halign=\"center\" style=\"text-align:center\"><div class=\"uvc-main-heading ult-responsive\"  data-ultimate-target='.uvc-heading.ultimate-heading-777069eb5448b2018 h4'  data-responsive-json-new='{\"font-size\":\"\",\"line-height\":\"\"}' ><h4 style=\"font-weight:normal;\">Standart Tek Ki\u015filik Oda 14m2<\/h4><\/div><div class=\"uvc-heading-spacer image_only\" style=\"top\"><img src=\"https:\/\/www.glamourhotel.com\/wp-content\/uploads\/2016\/03\/cizgi-bosluklu.png\" class=\"ultimate-headings-icon-image\" alt=\"null\" style=\"width:260px\"\/><\/div><\/div>[vc_column_text css=&#8221;.vc_custom_1566377614194{margin-top: 20px !important;}&#8221;]\u00dccretsiz WI-FI, 32 in\u00e7 Uydu HDTV, Laptop \u00f6l\u00e7\u00fclerinde G\u00fcvenlik Kasas\u0131, Minibar, Sa\u00e7 Kurutma Makinas, Kettle, \u00dccretsiz \u00c7ay ve Kahve Sunumu, Terlik ve Y\u00fcksek Kaliteli Buklet Malzemeleri<\/p>\n<p>Tek b\u00fcy\u00fck yatakl\u0131 bu \u00e7a\u011fda\u015f konuk odas\u0131nda gev\u015feyin ve hayran kal\u0131n.<\/p>\n<p>Rahatlay\u0131n ve \u00fccretsiz WiFi ile ileti\u015fiminizi s\u00fcrd\u00fcr\u00fcn.<\/p>\n<p>Maksimum: Bir ki\u015filik[\/vc_column_text][\/vc_column_inner][vc_column_inner width=&#8221;1\/3&#8243;][vc_single_image image=&#8221;122&#8243; img_size=&#8221;360&#215;200&#8243; onclick=&#8221;custom_link&#8221; link=&#8221;\/tr\/rooms\/cift-kisilik-deniz-manzarali-oda&#8221;]<div id=\"ultimate-heading-841269eb5448b20b0\" class=\"uvc-heading ult-adjust-bottom-margin ultimate-heading-841269eb5448b20b0 uvc-9091 \" data-hspacer=\"image_only\"  data-halign=\"center\" style=\"text-align:center\"><div class=\"uvc-main-heading ult-responsive\"  data-ultimate-target='.uvc-heading.ultimate-heading-841269eb5448b20b0 h4'  data-responsive-json-new='{\"font-size\":\"\",\"line-height\":\"\"}' ><h4 style=\"font-weight:normal;\">Deniz Manzaral\u0131 \u00c7ift Ki\u015filik Oda 14m2<\/h4><\/div><div class=\"uvc-heading-spacer image_only\" style=\"top\"><img src=\"https:\/\/www.glamourhotel.com\/wp-content\/uploads\/2016\/03\/cizgi-bosluklu.png\" class=\"ultimate-headings-icon-image\" alt=\"null\" style=\"width:260px\"\/><\/div><\/div>[vc_column_text css=&#8221;.vc_custom_1566377643072{margin-top: 20px !important;}&#8221;]\u00dccretsiz WI-FI, 32 in\u00e7 Uydu HDTV, Laptop \u00f6l\u00e7\u00fclerinde G\u00fcvenlik Kasas\u0131, Mini Buzdolab\u0131, Sa\u00e7 Kurutma Makinas\u0131, Kettle, \u00dccretsiz \u00c7ay ve Kahve Sunumu, Terlik ve Y\u00fcksek Kaliteli Buklet Malzemeleri<\/p>\n<p>Tek b\u00fcy\u00fck yatakl\u0131 bu \u00e7a\u011fda\u015f konuk odas\u0131nda gev\u015feyin ve hayran kal\u0131n.<\/p>\n<p>Rahatlay\u0131n ve \u00fccretsiz WIFI ile ileti\u015fiminizi s\u00fcrd\u00fcr\u00fcn.<\/p>\n<p>Maksimum: \u0130ki Ki\u015fi[\/vc_column_text][\/vc_column_inner][vc_column_inner width=&#8221;1\/3&#8243;][vc_single_image image=&#8221;123&#8243; img_size=&#8221;360&#215;200&#8243; onclick=&#8221;custom_link&#8221; link=&#8221;\/tr\/rooms\/uc-kisilik-deniz-manzarali-oda&#8221;]<div id=\"ultimate-heading-347769eb5448b2138\" class=\"uvc-heading ult-adjust-bottom-margin ultimate-heading-347769eb5448b2138 uvc-9422 \" data-hspacer=\"image_only\"  data-halign=\"center\" style=\"text-align:center\"><div class=\"uvc-main-heading ult-responsive\"  data-ultimate-target='.uvc-heading.ultimate-heading-347769eb5448b2138 h4'  data-responsive-json-new='{\"font-size\":\"\",\"line-height\":\"\"}' ><h4 style=\"font-weight:normal;\">Deniz Manzaral\u0131 \u00dc\u00e7 ki\u015filik Oda 18m2<\/h4><\/div><div class=\"uvc-heading-spacer image_only\" style=\"top\"><img src=\"https:\/\/www.glamourhotel.com\/wp-content\/uploads\/2016\/03\/cizgi-bosluklu.png\" class=\"ultimate-headings-icon-image\" alt=\"null\" style=\"width:260px\"\/><\/div><\/div>[vc_column_text css=&#8221;.vc_custom_1566377725304{margin-top: 20px !important;}&#8221;]\u00dccretsiz WI-FI, 32 in\u00e7 Uydu HDTV, Laptop \u00f6l\u00e7\u00fclerinde G\u00fcvenlik Kasas\u0131, Mini Buzdolab\u0131, Sa\u00e7 Kurutma Makinas\u0131, Kettle, \u00dccretsiz \u00c7ay ve Kahve Sunumu, Terlik ve Y\u00fcksek Kaliteli Buklet Malzemeleri<\/p>\n<p>2 Adet Tek Ki\u015filik ve bir adet sofa yatakl\u0131 bu \u00e7a\u011fda\u015f konuk odas\u0131nda gev\u015feyin ve hayran kal\u0131n.<\/p>\n<p>Rahatlay\u0131n ve \u00fccretsiz WIFI ile ileti\u015fiminizi s\u00fcrd\u00fcr\u00fcn.<\/p>\n<p>Maksimum: \u00dc\u00e7 Ki\u015fi[\/vc_column_text][\/vc_column_inner][\/vc_row_inner][\/vc_column][\/vc_row]<\/p>\n","protected":false},"excerpt":{"rendered":"<p>[vc_row full_width=&#8221;stretch_row&#8221; css=&#8221;.vc_custom_1458804026253{margin-top: -25px !important;border-top-width: -25px !important;padding-top: -25px !important;background-image: url(http:\/\/www.glamourhotel.com\/wp-content\/uploads\/2016\/03\/bg-1.jpg?id=60) !important;background-position: center !important;background-repeat: no-repeat !important;background-size: cover !important;border-top-color: #0199ca !important;border-top-style: solid [&hellip;]<\/p>\n","protected":false},"author":1,"featured_media":0,"parent":0,"menu_order":0,"comment_status":"closed","ping_status":"closed","template":"","meta":[],"_links":{"self":[{"href":"https:\/\/www.glamourhotel.com\/tr\/wp-json\/wp\/v2\/pages\/87\/"}],"collection":[{"href":"https:\/\/www.glamourhotel.com\/tr\/wp-json\/wp\/v2\/pages\/"}],"about":[{"href":"https:\/\/www.glamourhotel.com\/tr\/wp-json\/wp\/v2\/types\/page\/"}],"author":[{"embeddable":true,"href":"https:\/\/www.glamourhotel.com\/tr\/wp-json\/wp\/v2\/users\/1\/"}],"replies":[{"embeddable":true,"href":"https:\/\/www.glamourhotel.com\/tr\/wp-json\/wp\/v2\/comments\/?post=87"}],"version-history":[{"count":56,"href":"https:\/\/www.glamourhotel.com\/tr\/wp-json\/wp\/v2\/pages\/87\/revisions\/"}],"predecessor-version":[{"id":1638,"href":"https:\/\/www.glamourhotel.com\/tr\/wp-json\/wp\/v2\/pages\/87\/revisions\/1638\/"}],"wp:attachment":[{"href":"https:\/\/www.glamourhotel.com\/tr\/wp-json\/wp\/v2\/media\/?parent=87"}],"curies":[{"name":"wp","href":"https:\/\/api.w.org\/{rel}","templated":true}]}}