{"id":260,"date":"2016-03-25T14:34:05","date_gmt":"2016-03-25T14:34:05","guid":{"rendered":"http:\/\/www.glamourhotel.com\/tr\/?page_id=260"},"modified":"2019-08-21T09:21:15","modified_gmt":"2019-08-21T09:21:15","slug":"yakin-yerler","status":"publish","type":"page","link":"https:\/\/www.glamourhotel.com\/tr\/yakin-yerler\/","title":{"rendered":"Yak\u0131n Yerler"},"content":{"rendered":"<p>[vc_row full_width=&#8221;stretch_row&#8221; css=&#8221;.vc_custom_1458917426224{margin-top: -25px !important;border-top-width: -25px !important;padding-top: -25px !important;background-image: url(http:\/\/www.glamourhotel.com\/wp-content\/uploads\/2016\/03\/bg-1.jpg?id=60) !important;background-position: center !important;background-repeat: no-repeat !important;background-size: cover !important;border-top-color: #0199ca !important;border-top-style: solid !important;}&#8221;][vc_column]<ul class=\"list-inline isotope-filter clearfix\" id=\"isotope-filter-1\"><li><strong>Filtre<\/strong><\/li><li class=\"selected\" data-filter=\"*\"><a href=\"#\">Hepsi<\/a><\/li><li><a href=\"#\" data-filter=\".tarihi\">Tarihi<\/a><\/li><li><a href=\"#\" data-filter=\".gezi\"> Gezi<\/a><\/li><li><a href=\"#\" data-filter=\".alisveris\"> Al\u0131\u015fveri\u015f<\/a><\/li><li><a href=\"#\" data-filter=\".yemek\"> Yemek<\/a><\/li><\/ul><br><div id=\"isotope-1\" class=\"isotope\" data-isotope-options=\"{ \"layoutMode\": \"horizontal\", \"itemSelector\": \".item\" }\"><div class=\"item tarihi\"><a href=\"\" class=\"link-image\" ><img width=\"300\" height=\"200\" src=\"https:\/\/www.glamourhotel.com\/wp-content\/uploads\/2016\/03\/aysofia-300x200.jpg\" class=\"attachment-medium size-medium\" alt=\"\" loading=\"lazy\" \/><\/a><div class=\"item-content\"><h4><a href='' >AYASOFYA MUZESI<\/a><\/h4>3 KM - 15 dakika y\u00fcr\u00fcme mesafesinde<\/div><\/div><div class=\"item tarihi\"><a href=\"\" class=\"link-image\" ><img width=\"300\" height=\"200\" src=\"https:\/\/www.glamourhotel.com\/wp-content\/uploads\/2016\/03\/mavi-cami-300x200.jpg\" class=\"attachment-medium size-medium\" alt=\"\" loading=\"lazy\" \/><\/a><div class=\"item-content\"><h4><a href='' >SULTANAHMET CAMII<\/a><\/h4>3 KM - 15 dakika y\u00fcr\u00fcme mesafesinde<\/div><\/div><div class=\"item tarihi alisveris\"><a href=\"\" class=\"link-image\" ><img width=\"300\" height=\"200\" src=\"https:\/\/www.glamourhotel.com\/wp-content\/uploads\/2016\/03\/misir-300x200.jpg\" class=\"attachment-medium size-medium\" alt=\"\" loading=\"lazy\" \/><\/a><div class=\"item-content\"><h4><a href='' >MISIR \u00c7AR\u015eISI<\/a><\/h4>2 KM - 10 dakika y\u00fcr\u00fcme mesafesinde<\/div><\/div><div class=\"item tarihi\"><a href=\"\" class=\"link-image\" ><img width=\"300\" height=\"200\" src=\"https:\/\/www.glamourhotel.com\/wp-content\/uploads\/2016\/03\/topkapi-saray-300x200.jpg\" class=\"attachment-medium size-medium\" alt=\"\" loading=\"lazy\" \/><\/a><div class=\"item-content\"><h4><a href='' >TOPKAPI SARAYI<\/a><\/h4>3KM - 15 dakika y\u00fcr\u00fcme mesafesinde<\/div><\/div><div class=\"item tarihi\"><a href=\"\" class=\"link-image\" ><img width=\"300\" height=\"200\" src=\"https:\/\/www.glamourhotel.com\/wp-content\/uploads\/2016\/03\/hipodrom-300x200.jpg\" class=\"attachment-medium size-medium\" alt=\"\" loading=\"lazy\" \/><\/a><div class=\"item-content\"><h4><a href='' >H\u0130PODROM<\/a><\/h4>3KM \/ 15 dakika y\u00fcr\u00fcme mesafesinde<\/div><\/div><div class=\"item tarihi\"><a href=\"\" class=\"link-image\" ><img width=\"300\" height=\"200\" src=\"https:\/\/www.glamourhotel.com\/wp-content\/uploads\/2016\/03\/yer-300x200.jpg\" class=\"attachment-medium size-medium\" alt=\"\" loading=\"lazy\" \/><\/a><div class=\"item-content\"><h4><a href='' >YEREBATAN SARNICI<\/a><\/h4>3 KM - 15 dakika y\u00fcr\u00fcme mesafesinde<\/div><\/div><div class=\"item tarihi\"><a href=\"\" class=\"link-image\" ><img width=\"300\" height=\"200\" src=\"https:\/\/www.glamourhotel.com\/wp-content\/uploads\/2016\/03\/arke-300x200.jpg\" class=\"attachment-medium size-medium\" alt=\"\" loading=\"lazy\" \/><\/a><div class=\"item-content\"><h4><a href='' >ARKEOLOJ\u0130 M\u00dcZES\u0130<\/a><\/h4>3 KM - 15 dakika y\u00fcr\u00fcme mesafesinde<\/div><\/div><div class=\"item alisveris\"><a href=\"\" class=\"link-image\" ><img width=\"300\" height=\"200\" src=\"https:\/\/www.glamourhotel.com\/wp-content\/uploads\/2016\/03\/kapali-300x200.jpg\" class=\"attachment-medium size-medium\" alt=\"\" loading=\"lazy\" \/><\/a><div class=\"item-content\"><h4><a href='' >KAPALI \u00c7AR\u015eI<\/a><\/h4>3 KM - 15 dakika y\u00fcr\u00fcme mesafesinde<\/div><\/div><div class=\"item gezi\"><a href=\"\" class=\"link-image\" ><img width=\"300\" height=\"200\" src=\"https:\/\/www.glamourhotel.com\/wp-content\/uploads\/2016\/03\/bogaz-300x200.jpg\" class=\"attachment-medium size-medium\" alt=\"\" loading=\"lazy\" \/><\/a><div class=\"item-content\"><h4><a href='' >BO\u011eAZ TURU<\/a><\/h4>\u00d6zel olarak \u0130\u015fletilen Feribotlar (Durmadan Gidi\u015f D\u00f6n\u00fc\u015f)<\/div><\/div><div class=\"item gezi\"><a href=\"\" class=\"link-image\" ><img width=\"300\" height=\"200\" src=\"https:\/\/www.glamourhotel.com\/wp-content\/uploads\/2016\/03\/taksim-300x200.jpg\" class=\"attachment-medium size-medium\" alt=\"\" loading=\"lazy\" \/><\/a><div class=\"item-content\"><h4><a href='' >TAKS\u0130M<\/a><\/h4>3 KM - 30 dakika y\u00fcr\u00fcme mesafesinde<\/div><\/div><div class=\"item \"><a href=\"#\" class=\"link-image\" ><img width=\"300\" height=\"150\" src=\"https:\/\/www.glamourhotel.com\/wp-content\/uploads\/2019\/08\/Tranvay-300x150.jpg\" class=\"attachment-medium size-medium\" alt=\"\" loading=\"lazy\" srcset=\"https:\/\/www.glamourhotel.com\/wp-content\/uploads\/2019\/08\/Tranvay-300x150.jpg 300w, https:\/\/www.glamourhotel.com\/wp-content\/uploads\/2019\/08\/Tranvay.jpg 755w\" sizes=\"(max-width: 300px) 100vw, 300px\" \/><\/a><div class=\"item-content\"><h4><a href='#' >Sirkeci Tramvay \u0130stasyonu<\/a><\/h4>30 Metre - 1 dakika y\u00fcr\u00fcme mesafesinde<\/div><\/div><div class=\"item \"><a href=\"#\" class=\"link-image\" ><img width=\"300\" height=\"110\" src=\"https:\/\/www.glamourhotel.com\/wp-content\/uploads\/2019\/08\/marmaray-300x110.jpg\" class=\"attachment-medium size-medium\" alt=\"\" loading=\"lazy\" srcset=\"https:\/\/www.glamourhotel.com\/wp-content\/uploads\/2019\/08\/marmaray-300x110.jpg 300w, https:\/\/www.glamourhotel.com\/wp-content\/uploads\/2019\/08\/marmaray.jpg 371w\" sizes=\"(max-width: 300px) 100vw, 300px\" \/><\/a><div class=\"item-content\"><h4><a href='#' >Marmaray Sirkeci \u0130stasyonu<\/a><\/h4>20 metre - 1 dakika y\u00fcr\u00fcme mesafesinde<\/div><\/div><div class=\"item \"><a href=\"#\" class=\"link-image\" ><img width=\"300\" height=\"169\" src=\"https:\/\/www.glamourhotel.com\/wp-content\/uploads\/2019\/08\/bogaz-300x169.jpg\" class=\"attachment-medium size-medium\" alt=\"\" loading=\"lazy\" srcset=\"https:\/\/www.glamourhotel.com\/wp-content\/uploads\/2019\/08\/bogaz-300x169.jpg 300w, https:\/\/www.glamourhotel.com\/wp-content\/uploads\/2019\/08\/bogaz.jpg 750w\" sizes=\"(max-width: 300px) 100vw, 300px\" \/><\/a><div class=\"item-content\"><h4><a href='#' >Bo\u011faz K\u00f6pr\u00fcs\u00fc<\/a><\/h4>10 KM - 15 dakika s\u00fcr\u00fc\u015f mesafesinde<\/div><\/div><div class=\"item \"><a href=\"#\" class=\"link-image\" ><img width=\"300\" height=\"188\" src=\"https:\/\/www.glamourhotel.com\/wp-content\/uploads\/2019\/08\/Kiz-Kulesi-300x188.jpg\" class=\"attachment-medium size-medium\" alt=\"\" loading=\"lazy\" srcset=\"https:\/\/www.glamourhotel.com\/wp-content\/uploads\/2019\/08\/Kiz-Kulesi-300x188.jpg 300w, https:\/\/www.glamourhotel.com\/wp-content\/uploads\/2019\/08\/Kiz-Kulesi-768x480.jpg 768w, https:\/\/www.glamourhotel.com\/wp-content\/uploads\/2019\/08\/Kiz-Kulesi.jpg 800w\" sizes=\"(max-width: 300px) 100vw, 300px\" \/><\/a><div class=\"item-content\"><h4><a href='#' >K\u0131z Kulesi<\/a><\/h4>16 KM - \u0130skeleye 10 dakika Marmaray ile<\/div><\/div><div class=\"item \"><a href=\"#\" class=\"link-image\" ><img width=\"300\" height=\"201\" src=\"https:\/\/www.glamourhotel.com\/wp-content\/uploads\/2019\/08\/gulhane-parki-300x201.jpg\" class=\"attachment-medium size-medium\" alt=\"\" loading=\"lazy\" srcset=\"https:\/\/www.glamourhotel.com\/wp-content\/uploads\/2019\/08\/gulhane-parki-300x201.jpg 300w, https:\/\/www.glamourhotel.com\/wp-content\/uploads\/2019\/08\/gulhane-parki-768x515.jpg 768w, https:\/\/www.glamourhotel.com\/wp-content\/uploads\/2019\/08\/gulhane-parki.jpg 800w\" sizes=\"(max-width: 300px) 100vw, 300px\" \/><\/a><div class=\"item-content\"><h4><a href='#' >G\u00fclhane Park\u0131<\/a><\/h4>1 KM - 10 dakika y\u00fcr\u00fcme mesafesinde <\/div><\/div><div class=\"item \"><a href=\"#\" class=\"link-image\" ><img width=\"300\" height=\"200\" src=\"https:\/\/www.glamourhotel.com\/wp-content\/uploads\/2019\/08\/vapur-300x200.jpg\" class=\"attachment-medium size-medium\" alt=\"\" loading=\"lazy\" srcset=\"https:\/\/www.glamourhotel.com\/wp-content\/uploads\/2019\/08\/vapur-300x200.jpg 300w, https:\/\/www.glamourhotel.com\/wp-content\/uploads\/2019\/08\/vapur.jpg 700w\" sizes=\"(max-width: 300px) 100vw, 300px\" \/><\/a><div class=\"item-content\"><h4><a href='#' >Emin\u00f6n\u00fc Vapur \u0130skelesi<\/a><\/h4>50 metre - 1 dakika y\u00fcr\u00fcme mesafesinde<\/div><\/div><\/div><script type='text\/javascript'>( function( $ ) { $( document ).ready(function() {\n\t\t\t\tvar container = $('#isotope-1')\n\t\t\t\tcontainer.imagesLoaded(function(){\n\t\t\t\t\tcontainer.isotope();\n\t\t\t\t\t$('#isotope-filter-1 a').on('click', function (e) {\n\t\t\t\t\t\te.preventDefault();\n\t\t\t\t\t\tvar filterValue = $(this).attr('data-filter');\n\t\t\t\t\t\t$('#isotope-1').isotope({ layoutMode: 'fitRows', filter: filterValue });\n\t\t\t\t\t\t$(this).parent().siblings().removeClass('selected');\n\t\t\t\t\t\t$(this).parent().addClass('selected');\n\t\t\t\t\t});\n\t\t\t\t});\n\t\t\t}); } )( jQuery );<\/script>[\/vc_column][\/vc_row]<\/p>\n","protected":false},"excerpt":{"rendered":"<p>[vc_row full_width=&#8221;stretch_row&#8221; css=&#8221;.vc_custom_1458917426224{margin-top: -25px !important;border-top-width: -25px !important;padding-top: -25px !important;background-image: url(http:\/\/www.glamourhotel.com\/wp-content\/uploads\/2016\/03\/bg-1.jpg?id=60) !important;background-position: center !important;background-repeat: no-repeat !important;background-size: cover !important;border-top-color: #0199ca !important;border-top-style: solid [&hellip;]<\/p>\n","protected":false},"author":1,"featured_media":0,"parent":0,"menu_order":0,"comment_status":"closed","ping_status":"closed","template":"","meta":[],"_links":{"self":[{"href":"https:\/\/www.glamourhotel.com\/tr\/wp-json\/wp\/v2\/pages\/260\/"}],"collection":[{"href":"https:\/\/www.glamourhotel.com\/tr\/wp-json\/wp\/v2\/pages\/"}],"about":[{"href":"https:\/\/www.glamourhotel.com\/tr\/wp-json\/wp\/v2\/types\/page\/"}],"author":[{"embeddable":true,"href":"https:\/\/www.glamourhotel.com\/tr\/wp-json\/wp\/v2\/users\/1\/"}],"replies":[{"embeddable":true,"href":"https:\/\/www.glamourhotel.com\/tr\/wp-json\/wp\/v2\/comments\/?post=260"}],"version-history":[{"count":28,"href":"https:\/\/www.glamourhotel.com\/tr\/wp-json\/wp\/v2\/pages\/260\/revisions\/"}],"predecessor-version":[{"id":1640,"href":"https:\/\/www.glamourhotel.com\/tr\/wp-json\/wp\/v2\/pages\/260\/revisions\/1640\/"}],"wp:attachment":[{"href":"https:\/\/www.glamourhotel.com\/tr\/wp-json\/wp\/v2\/media\/?parent=260"}],"curies":[{"name":"wp","href":"https:\/\/api.w.org\/{rel}","templated":true}]}}