{"id":1372,"date":"2018-10-24T10:23:42","date_gmt":"2018-10-24T10:23:42","guid":{"rendered":"http:\/\/www.glamourhotel.com\/?page_id=1372"},"modified":"2019-08-21T09:09:06","modified_gmt":"2019-08-21T09:09:06","slug":"lounge","status":"publish","type":"page","link":"https:\/\/www.glamourhotel.com\/tr\/lounge\/","title":{"rendered":"Glamour Lounge"},"content":{"rendered":"<p>[vc_section css=&#8221;.vc_custom_1540567939906{margin-top: 10px !important;margin-bottom: 10px !important;padding-top: 10px !important;padding-bottom: 0px !important;}&#8221;][vc_row css=&#8221;.vc_custom_1540572530133{margin-top: 10px !important;margin-bottom: 0px !important;padding-top: 10px !important;padding-bottom: 0px !important;}&#8221;][vc_column width=&#8221;1\/3&#8243;][vc_single_image image=&#8221;1387&#8243; img_size=&#8221;full&#8221; alignment=&#8221;center&#8221;][\/vc_column][vc_column width=&#8221;2\/3&#8243;][vc_column_text css=&#8221;.vc_custom_1566378065858{margin-bottom: 0px !important;padding-bottom: 0px !important;}&#8221;]<\/p>\n<h1>GLAMOUR LOUNGE \u0130STANBUL S\u0130RKEC\u0130<\/h1>\n<p>[\/vc_column_text][vc_column_text css=&#8221;.vc_custom_1566378088714{margin-top: 0px !important;border-left-width: 5px !important;padding-top: 0px !important;padding-left: 10px !important;border-left-style: solid !important;}&#8221;]<\/p>\n<h4>NARG\u0130LE &#8211; Y\u0130YECEK &#8211; \u0130\u00c7ECEK<\/h4>\n<p>[\/vc_column_text][vc_column_text css=&#8221;.vc_custom_1566378338937{margin-bottom: 10px !important;padding-bottom: 0px !important;}&#8221;]<\/p>\n<h5>Yemek bir rahatl\u0131kt\u0131r ve Glamour Lounge \u0130stanbul Sirkeci, otelden ayr\u0131lmadan bile lezzetli bir yeme\u011fin tad\u0131n\u0131 \u00e7\u0131karman\u0131z\u0131 kolayla\u015ft\u0131r\u0131r. Tamamen sa\u011fl\u0131kl\u0131 yemeklerine, at\u0131\u015ft\u0131rmal\u0131klara veya gurme mutfa\u011f\u0131 ile damak tad\u0131n\u0131z\u0131 g\u0131d\u0131klayacak bir \u015feylerimiz var. Glamour Lounge Terrace Restoran e\u015fsiz panoramik bir manzaraya sahip. \u0130stanbul manzaras\u0131na kar\u015f\u0131 Nargileniz ile gev\u015feyin ve \u015fehrin t\u00fcm stresinden kurtulun. Ya da Glamour Hotel Istanbul Sirkeci&#8217;deki odan\u0131z\u0131n rahatl\u0131\u011f\u0131nda men\u00fcm\u00fczdeki \u00f6zel yemeklerin tad\u0131n\u0131 \u00e7\u0131kar\u0131n. Ayr\u0131ca \u00f6zel g\u00fcnleriniz i\u00e7in (do\u011fum g\u00fcn\u00fc, evlilik y\u0131ld\u00f6n\u00fcm\u00fc vb.) \u00f6zel kutlamalar d\u00fczenleyebilirsiniz.<\/h5>\n<p>[\/vc_column_text][vc_separator css=&#8221;.vc_custom_1540379551129{margin-top: 10px !important;margin-bottom: 20px !important;padding-top: 0px !important;padding-bottom: 0px !important;}&#8221;][\/vc_column][\/vc_row][vc_row css=&#8221;.vc_custom_1540572581592{margin-top: -70px !important;margin-bottom: 0px !important;border-top-width: 0px !important;padding-bottom: 0px !important;}&#8221;][vc_column width=&#8221;1\/2&#8243;][vc_single_image image=&#8221;1497&#8243; img_size=&#8221;full&#8221; alignment=&#8221;center&#8221; onclick=&#8221;custom_link&#8221; img_link_target=&#8221;_blank&#8221; link=&#8221;https:\/\/www.facebook.com\/glamourloungesirkeci&#8221;][\/vc_column][vc_column width=&#8221;1\/2&#8243;][vc_single_image image=&#8221;1501&#8243; img_size=&#8221;full&#8221; alignment=&#8221;center&#8221; onclick=&#8221;custom_link&#8221; img_link_target=&#8221;_blank&#8221; link=&#8221;https:\/\/www.instagram.com\/glamourloungesirkeci&#8221;][\/vc_column][\/vc_row][\/vc_section]<\/p>\n","protected":false},"excerpt":{"rendered":"<p>[vc_section css=&#8221;.vc_custom_1540567939906{margin-top: 10px !important;margin-bottom: 10px !important;padding-top: 10px !important;padding-bottom: 0px !important;}&#8221;][vc_row css=&#8221;.vc_custom_1540572530133{margin-top: 10px !important;margin-bottom: 0px !important;padding-top: 10px !important;padding-bottom: 0px !important;}&#8221;][vc_column width=&#8221;1\/3&#8243;][vc_single_image [&hellip;]<\/p>\n","protected":false},"author":1,"featured_media":0,"parent":0,"menu_order":0,"comment_status":"closed","ping_status":"closed","template":"","meta":[],"_links":{"self":[{"href":"https:\/\/www.glamourhotel.com\/tr\/wp-json\/wp\/v2\/pages\/1372\/"}],"collection":[{"href":"https:\/\/www.glamourhotel.com\/tr\/wp-json\/wp\/v2\/pages\/"}],"about":[{"href":"https:\/\/www.glamourhotel.com\/tr\/wp-json\/wp\/v2\/types\/page\/"}],"author":[{"embeddable":true,"href":"https:\/\/www.glamourhotel.com\/tr\/wp-json\/wp\/v2\/users\/1\/"}],"replies":[{"embeddable":true,"href":"https:\/\/www.glamourhotel.com\/tr\/wp-json\/wp\/v2\/comments\/?post=1372"}],"version-history":[{"count":37,"href":"https:\/\/www.glamourhotel.com\/tr\/wp-json\/wp\/v2\/pages\/1372\/revisions\/"}],"predecessor-version":[{"id":1639,"href":"https:\/\/www.glamourhotel.com\/tr\/wp-json\/wp\/v2\/pages\/1372\/revisions\/1639\/"}],"wp:attachment":[{"href":"https:\/\/www.glamourhotel.com\/tr\/wp-json\/wp\/v2\/media\/?parent=1372"}],"curies":[{"name":"wp","href":"https:\/\/api.w.org\/{rel}","templated":true}]}}