{"id":1007,"date":"2016-04-15T07:42:59","date_gmt":"2016-04-15T07:42:59","guid":{"rendered":"http:\/\/www.glamourhotel.com\/tr\/?page_id=1007"},"modified":"2017-01-31T09:06:08","modified_gmt":"2017-01-31T09:06:08","slug":"promosyon","status":"publish","type":"page","link":"https:\/\/www.glamourhotel.com\/tr\/promosyon\/","title":{"rendered":"Promosyon"},"content":{"rendered":"<p>[vc_row][vc_column]<div id=\"ultib3-179493712669eb5833d9778\" class=\" ultb3-box ult-adjust-bottom-margin  \" style=\"\"><img src=\"https:\/\/www.glamourhotel.com\/wp-content\/uploads\/2016\/04\/bnr-bgg.jpg\" style=\"\" class=\"ultb3-img ultb3-img-top-left\" alt=\"null\"\/><div id=\"Info-banner-wrap6432\" class=\"ultb3-info ib3-info-left\" data-animation=\"\" data-animation-delay=\"03\"><div class=\"ultb3-title ult-responsive\"  data-ultimate-target='#Info-banner-wrap6432 .ultb3-title'  data-responsive-json-new='{\"font-size\":\"desktop:37px;\",\"line-height\":\"\"}'  style=\"font-weight:bold;color:#f7cb60;\">L\u00dcKS PAKET (2 K\u0130\u015e\u0130L\u0130K)<\/div><div class=\"ultb3-desc ult-responsive\"  data-ultimate-target='#Info-banner-wrap6432 .ultb3-desc'  data-responsive-json-new='{\"font-size\":\"desktop:15px;\",\"line-height\":\"desktop:23px;\"}'  style=\"font-weight:normal;color:#d3ecf6;\">- Bo\u011faz Manzaral\u0131 Deluxe odada 3 gece konaklama<br \/>\n- Ho\u015fgeldiniz kar\u015f\u0131lamas\u0131<br \/>\n- Gidi\u015f-d\u00f6n\u00fc\u015f transferi (Atat\u00fcrk Havaliman\u0131)<br \/>\n- Tam G\u00fcn \u015eehir Turu (B\u00fcy\u00fck otob\u00fcs)<br \/>\n- Bo\u011faz Manzaral\u0131 Glamour Cafe Shisha<\/p>\n<h3>550 EUR<\/h3>\n<p>Detayl\u0131 bilgi i\u00e7in aray\u0131n: +90 212 519 17 77 \/ ya da yaz\u0131n: info@www.glamourhotel.com<br \/>\n<\/div><\/div><\/div><style>\r\n\t\t\t\t\t#ultib3-179493712669eb5833d9778 {\r\n\t\t\t\t\t\tmin-height:120px;\r\n\t\t\t\t\t}\r\n\t\t\t\t\t#ultib3-179493712669eb5833d9778 img.ultb3-img {\r\n\t\t\t\t\t\theight: px;\r\n\t\t\t\t\t}\r\n\t\t\t\t\t#ultib3-179493712669eb5833d9778 .ultb3-btn {\r\n\t\t\t\t\t\tborder:-50px solid #036795;border-radius:-2px;color:#ffffff;\r\n\t\t\t\t\t}\r\n\t\t\t\t\t#ultib3-179493712669eb5833d9778 .ultb3-btn:hover {\r\n\t\t\t\t\t\tbackground:#036795;color:#ffffff;\r\n\t\t\t\t\t}\r\n\t\t\t\t<\/style><div id=\"ultib3-101018469769eb5833d9cdd\" class=\" ultb3-box ult-adjust-bottom-margin  \" style=\"\"><img src=\"https:\/\/www.glamourhotel.com\/wp-content\/uploads\/2016\/04\/ff.jpg\" style=\"\" class=\"ultb3-img ultb3-img-top-left\" alt=\"null\"\/><div id=\"Info-banner-wrap7140\" class=\"ultb3-info ib3-info-left\" data-animation=\"\" data-animation-delay=\"03\"><div class=\"ultb3-title ult-responsive\"  data-ultimate-target='#Info-banner-wrap7140 .ultb3-title'  data-responsive-json-new='{\"font-size\":\"desktop:37px;\",\"line-height\":\"\"}'  style=\"font-weight:bold;color:#013e57;\">EKONOM\u0130K PAKET- PROMOSYONLU<\/div><div class=\"ultb3-desc ult-responsive\"  data-ultimate-target='#Info-banner-wrap7140 .ultb3-desc'  data-responsive-json-new='{\"font-size\":\"desktop:15px;\",\"line-height\":\"desktop:23px;\"}'  style=\"font-weight:normal;color:#ffffff;\">- 5 Gece konaklama &amp; nakit \u00f6deme - %10 indirim<br \/>\n- 5 Gece konaklama - \u00dccretsiz geli\u015f transferi (Atat\u00fcrk Havaliman\u0131)<br \/>\n- 10 gece konaklay\u0131n - 9 gece \u00f6deyin<\/p>\n<p>* Yaln\u0131zca bir tanesini se\u00e7ebilirsiniz<\/p>\n<p>Detayl\u0131 bilgi i\u00e7in aray\u0131n: +90 212 519 17 77 \/ ya da bize yaz\u0131n: info@www.glamourhotel.com<br \/>\n<\/div><\/div><\/div><style>\r\n\t\t\t\t\t#ultib3-101018469769eb5833d9cdd {\r\n\t\t\t\t\t\tmin-height:120px;\r\n\t\t\t\t\t}\r\n\t\t\t\t\t#ultib3-101018469769eb5833d9cdd img.ultb3-img {\r\n\t\t\t\t\t\theight: px;\r\n\t\t\t\t\t}\r\n\t\t\t\t\t#ultib3-101018469769eb5833d9cdd .ultb3-btn {\r\n\t\t\t\t\t\tborder:0px solid rgba(3,103,149,0);border-radius:-2px;color:#ffffff;\r\n\t\t\t\t\t}\r\n\t\t\t\t\t#ultib3-101018469769eb5833d9cdd .ultb3-btn:hover {\r\n\t\t\t\t\t\tbackground:rgba(3,103,149,0);color:#ffffff;\r\n\t\t\t\t\t}\r\n\t\t\t\t<\/style><div id=\"ultib3-204614908769eb5833da115\" class=\" ultb3-box ult-adjust-bottom-margin  \" style=\"\"><img src=\"https:\/\/www.glamourhotel.com\/wp-content\/uploads\/2016\/04\/ist.jpg\" style=\"\" class=\"ultb3-img ultb3-img-top-left\" alt=\"null\"\/><div id=\"Info-banner-wrap8164\" class=\"ultb3-info ib3-info-left\" data-animation=\"\" data-animation-delay=\"03\"><div class=\"ultb3-title ult-responsive\"  data-ultimate-target='#Info-banner-wrap8164 .ultb3-title'  data-responsive-json-new='{\"font-size\":\"desktop:37px;\",\"line-height\":\"\"}'  style=\"font-weight:bold;color:#013e57;\">K\u00dcLT\u00dcREL PAKET<\/div><div class=\"ultb3-desc ult-responsive\"  data-ultimate-target='#Info-banner-wrap8164 .ultb3-desc'  data-responsive-json-new='{\"font-size\":\"desktop:15px;\",\"line-height\":\"desktop:23px;\"}'  style=\"font-weight:normal;color:#ffffff;\">- \u00c7ift Ki\u015filik Bo\u011faz Manzaral\u0131 Odada 3 gece konaklama<br \/>\n- Gidi\u015f-d\u00f6n\u00fc\u015f transfer hizmeti (Atat\u00fcrk Havaliman\u0131)<br \/>\n- Ho\u015fgeldiniz kar\u015f\u0131lamas\u0131<br \/>\n- M\u00fcze Giri\u015f Biletleri: Aya Sofya, Topkap\u0131 Saray\u0131, Yerebatan Sarn\u0131c\u0131.<br \/>\n- Bo\u011faz Manzaral\u0131 Glamour Cafe Shisha<\/p>\n<h3>550 EUR<\/h3>\n<p>Detayl\u0131 bilgi i\u00e7in aray\u0131n: +90 212 519 17 77 \/ ya da yaz\u0131n: info@www.glamourhotel.com<br \/>\n<\/div><\/div><\/div><style>\r\n\t\t\t\t\t#ultib3-204614908769eb5833da115 {\r\n\t\t\t\t\t\tmin-height:120px;\r\n\t\t\t\t\t}\r\n\t\t\t\t\t#ultib3-204614908769eb5833da115 img.ultb3-img {\r\n\t\t\t\t\t\theight: px;\r\n\t\t\t\t\t}\r\n\t\t\t\t\t#ultib3-204614908769eb5833da115 .ultb3-btn {\r\n\t\t\t\t\t\tborder:0px solid rgba(3,103,149,0);border-radius:-2px;color:#ffffff;\r\n\t\t\t\t\t}\r\n\t\t\t\t\t#ultib3-204614908769eb5833da115 .ultb3-btn:hover {\r\n\t\t\t\t\t\tbackground:rgba(3,103,149,0);color:#ffffff;\r\n\t\t\t\t\t}\r\n\t\t\t\t<\/style>[\/vc_column][\/vc_row][vc_row][vc_column][vc_column_text]<\/p>\n<p>[\/vc_column_text][\/vc_column][\/vc_row]<\/p>\n","protected":false},"excerpt":{"rendered":"<p>[vc_row][vc_column][\/vc_column][\/vc_row][vc_row][vc_column][vc_column_text] [\/vc_column_text][\/vc_column][\/vc_row]<\/p>\n","protected":false},"author":1,"featured_media":0,"parent":0,"menu_order":0,"comment_status":"closed","ping_status":"closed","template":"page-templates\/page-right.php","meta":[],"_links":{"self":[{"href":"https:\/\/www.glamourhotel.com\/tr\/wp-json\/wp\/v2\/pages\/1007\/"}],"collection":[{"href":"https:\/\/www.glamourhotel.com\/tr\/wp-json\/wp\/v2\/pages\/"}],"about":[{"href":"https:\/\/www.glamourhotel.com\/tr\/wp-json\/wp\/v2\/types\/page\/"}],"author":[{"embeddable":true,"href":"https:\/\/www.glamourhotel.com\/tr\/wp-json\/wp\/v2\/users\/1\/"}],"replies":[{"embeddable":true,"href":"https:\/\/www.glamourhotel.com\/tr\/wp-json\/wp\/v2\/comments\/?post=1007"}],"version-history":[{"count":18,"href":"https:\/\/www.glamourhotel.com\/tr\/wp-json\/wp\/v2\/pages\/1007\/revisions\/"}],"predecessor-version":[{"id":1117,"href":"https:\/\/www.glamourhotel.com\/tr\/wp-json\/wp\/v2\/pages\/1007\/revisions\/1117\/"}],"wp:attachment":[{"href":"https:\/\/www.glamourhotel.com\/tr\/wp-json\/wp\/v2\/media\/?parent=1007"}],"curies":[{"name":"wp","href":"https:\/\/api.w.org\/{rel}","templated":true}]}}