{"id":840,"date":"2016-04-01T07:58:02","date_gmt":"2016-04-01T07:58:02","guid":{"rendered":"http:\/\/www.glamourhotel.com\/ru\/?page_id=840"},"modified":"2017-06-06T19:42:21","modified_gmt":"2017-06-06T19:42:21","slug":"%d0%ba%d0%be%d0%bd%d1%82%d0%b0%d0%ba%d1%82%d1%8b","status":"publish","type":"page","link":"https:\/\/www.glamourhotel.com\/ru\/%d0%ba%d0%be%d0%bd%d1%82%d0%b0%d0%ba%d1%82%d1%8b\/","title":{"rendered":"\u041a\u043e\u043d\u0442\u0430\u043a\u0442\u044b"},"content":{"rendered":"<p>[vc_row][vc_column][vc_row_inner css=&#187;.vc_custom_1459777038526{margin-top: -35px !important;padding-top: -35px !important;}&#187;][vc_column_inner width=&#187;2\/3&#8243;][vc_column_text]<\/p>\n<h3>\u041a\u041e\u041d\u0422\u0410\u041a\u0422\u042b<\/h3>\n<p>[\/vc_column_text]<div role=\"form\" class=\"wpcf7\" id=\"wpcf7-f826-o1\" lang=\"en-US\" dir=\"ltr\">\n<div class=\"screen-reader-response\"><p role=\"status\" aria-live=\"polite\" aria-atomic=\"true\"><\/p> <ul><\/ul><\/div>\n<form action=\"\/ru\/wp-json\/wp\/v2\/pages\/840\/#wpcf7-f826-o1\" method=\"post\" class=\"wpcf7-form init\" novalidate=\"novalidate\" data-status=\"init\">\n<div style=\"display: none;\">\n<input type=\"hidden\" name=\"_wpcf7\" value=\"826\" \/>\n<input type=\"hidden\" name=\"_wpcf7_version\" value=\"5.5.4\" \/>\n<input type=\"hidden\" name=\"_wpcf7_locale\" value=\"en_US\" \/>\n<input type=\"hidden\" name=\"_wpcf7_unit_tag\" value=\"wpcf7-f826-o1\" \/>\n<input type=\"hidden\" name=\"_wpcf7_container_post\" value=\"0\" \/>\n<input type=\"hidden\" name=\"_wpcf7_posted_data_hash\" value=\"\" \/>\n<\/div>\n<p>\u0418\u043c\u044f (required)<br \/>\n    <span class=\"wpcf7-form-control-wrap your-name\"><input type=\"text\" name=\"your-name\" value=\"\" size=\"40\" class=\"wpcf7-form-control wpcf7-text wpcf7-validates-as-required\" aria-required=\"true\" aria-invalid=\"false\" \/><\/span> <\/p>\n<p>\u042d\u043b.\u043f\u043e\u0447\u0442\u0430 (required)<br \/>\n    <span class=\"wpcf7-form-control-wrap your-email\"><input type=\"email\" name=\"your-email\" value=\"\" size=\"40\" class=\"wpcf7-form-control wpcf7-text wpcf7-email wpcf7-validates-as-required wpcf7-validates-as-email\" aria-required=\"true\" aria-invalid=\"false\" \/><\/span> <\/p>\n<p>\u0421\u043e\u043e\u0431\u0449\u0435\u043d\u0438\u0435<br \/>\n    <span class=\"wpcf7-form-control-wrap your-message\"><textarea name=\"your-message\" cols=\"40\" rows=\"10\" class=\"wpcf7-form-control wpcf7-textarea\" aria-invalid=\"false\"><\/textarea><\/span> <\/p>\n<p><input type=\"submit\" value=\"\u041e\u0442\u043f\u0440\u0430\u0432\u0438\u0442\u044c \u0441\u043e\u043e\u0431\u0449\u0435\u043d\u0438\u0435\" class=\"wpcf7-form-control has-spinner wpcf7-submit\" \/><\/p>\n<div class=\"wpcf7-response-output\" aria-hidden=\"true\"><\/div><\/form><\/div>[\/vc_column_inner][vc_column_inner width=&#187;1\/3&#8243;][vc_column_text]<\/p>\n<h3>\u041e\u0421\u0422\u0410\u0412\u0410\u0419\u0422\u0415\u0421\u042c \u041d\u0410 \u0421\u0412\u042f\u0417\u0418<\/h3>\n<p>[\/vc_column_text][vc_column_text]<img loading=\"lazy\" class=\"alignleft wp-image-860\" src=\"http:\/\/www.glamourhotel.com\/wp-content\/uploads\/2016\/04\/map-point.png\" alt=\"map-point\" width=\"40\" height=\"40\" \/>Hocapa\u015fa Mahallesi Vezir Cami \u00c7\u0131kmaz\u0131<br \/>\nSok. No:4 Sirkeci \u2013 Fatih \/\u0130stanbul[\/vc_column_text][vc_separator color=&#187;custom&#187; accent_color=&#187;#e2e2e2&#8243;][vc_column_text]<img loading=\"lazy\" class=\"alignleft wp-image-877\" src=\"http:\/\/www.glamourhotel.com\/wp-content\/uploads\/2016\/04\/telephon.png\" alt=\"\" width=\"40\" height=\"45\" \/>+90 212 519 1777<br \/>\n+90 212 519 1778<br \/>\n+90 212 519 1779[\/vc_column_text][vc_separator color=&#187;custom&#187; accent_color=&#187;#e2e2e2&#8243;][vc_column_text]<img loading=\"lazy\" class=\"aligncenter wp-image-1137 size-full\" src=\"http:\/\/www.glamourhotel.com\/wp-content\/uploads\/2016\/04\/whatsapp2.png\" alt=\"\" width=\"60\" height=\"67\" \/> +90 530 043 5936[\/vc_column_text][vc_separator color=&#187;custom&#187; accent_color=&#187;#e2e2e2&#8243;][vc_column_text]<img loading=\"lazy\" class=\"alignleft wp-image-1087\" src=\"http:\/\/www.glamourhotel.com\/wp-content\/uploads\/2016\/04\/mmail.png\" alt=\"\" width=\"42\" height=\"30\" \/>info@www.glamourhotel.com[\/vc_column_text][\/vc_column_inner][\/vc_row_inner][vc_row_inner][vc_column_inner][vc_gmaps link=&#187;#E-8_JTNDaWZyYW1lJTIwc3JjJTNEJTIyaHR0cHMlM0ElMkYlMkZ3d3cuZ29vZ2xlLmNvbSUyRm1hcHMlMkZlbWJlZCUzRnBiJTNEJTIxMW0xNCUyMTFtOCUyMTFtMyUyMTFkMTg4LjE1NTkwMDMwMjI5NzYlMjEyZDI4Ljk3NjMwMjU5NTczNTU0NyUyMTNkNDEuMDE0NDM4MjA5ODQ3MzA2JTIxM20yJTIxMWkxMDI0JTIxMmk3NjglMjE0ZjEzLjElMjEzbTMlMjExbTIlMjExczB4MCUyNTNBMHgwJTIxMnpOREhDc0RBd0p6VXlMakFpVGlBeU9NS3dOVGduTXpRdU5pSkYlMjE1ZTAlMjEzbTIlMjExc3RyJTIxMnMlMjE0djE0NTk0OTkwNjA2MzIlMjIlMjB3aWR0aCUzRCUyMjEwMCUyNSUyMiUyMGhlaWdodCUzRCUyMjQ1MCUyMiUyMGZyYW1lYm9yZGVyJTNEJTIyMCUyMiUyMHN0eWxlJTNEJTIyYm9yZGVyJTNBMCUyMiUyMGFsbG93ZnVsbHNjcmVlbiUzRSUzQyUyRmlmcmFtZSUzRQ==&#187;][\/vc_column_inner][\/vc_row_inner][\/vc_column][\/vc_row]<\/p>\n","protected":false},"excerpt":{"rendered":"<p>[vc_row][vc_column][vc_row_inner css=&#187;.vc_custom_1459777038526{margin-top: -35px !important;padding-top: -35px !important;}&#187;][vc_column_inner width=&#187;2\/3&#8243;][vc_column_text] \u041a\u041e\u041d\u0422\u0410\u041a\u0422\u042b [\/vc_column_text][\/vc_column_inner][vc_column_inner width=&#187;1\/3&#8243;][vc_column_text] \u041e\u0421\u0422\u0410\u0412\u0410\u0419\u0422\u0415\u0421\u042c \u041d\u0410 \u0421\u0412\u042f\u0417\u0418 [\/vc_column_text][vc_column_text]Hocapa\u015fa Mahallesi Vezir Cami \u00c7\u0131kmaz\u0131 Sok. No:4 [&hellip;]<\/p>\n","protected":false},"author":1,"featured_media":0,"parent":0,"menu_order":0,"comment_status":"closed","ping_status":"closed","template":"","meta":[],"_links":{"self":[{"href":"https:\/\/www.glamourhotel.com\/ru\/wp-json\/wp\/v2\/pages\/840\/"}],"collection":[{"href":"https:\/\/www.glamourhotel.com\/ru\/wp-json\/wp\/v2\/pages\/"}],"about":[{"href":"https:\/\/www.glamourhotel.com\/ru\/wp-json\/wp\/v2\/types\/page\/"}],"author":[{"embeddable":true,"href":"https:\/\/www.glamourhotel.com\/ru\/wp-json\/wp\/v2\/users\/1\/"}],"replies":[{"embeddable":true,"href":"https:\/\/www.glamourhotel.com\/ru\/wp-json\/wp\/v2\/comments\/?post=840"}],"version-history":[{"count":7,"href":"https:\/\/www.glamourhotel.com\/ru\/wp-json\/wp\/v2\/pages\/840\/revisions\/"}],"predecessor-version":[{"id":1143,"href":"https:\/\/www.glamourhotel.com\/ru\/wp-json\/wp\/v2\/pages\/840\/revisions\/1143\/"}],"wp:attachment":[{"href":"https:\/\/www.glamourhotel.com\/ru\/wp-json\/wp\/v2\/media\/?parent=840"}],"curies":[{"name":"wp","href":"https:\/\/api.w.org\/{rel}","templated":true}]}}