{"id":843,"date":"2016-04-01T08:05:00","date_gmt":"2016-04-01T08:05:00","guid":{"rendered":"http:\/\/www.glamourhotel.com\/ar\/?page_id=843"},"modified":"2019-08-21T09:48:57","modified_gmt":"2019-08-21T09:48:57","slug":"contact-ar","status":"publish","type":"page","link":"https:\/\/www.glamourhotel.com\/ar\/contact-ar\/","title":{"rendered":"\u0627\u062a\u0635\u0644 \u0628\u0646\u0627"},"content":{"rendered":"<p>[vc_row][vc_column][vc_row_inner css=&#8221;.vc_custom_1459777284917{margin-top: -35px !important;padding-top: -35px !important;}&#8221;][vc_column_inner width=&#8221;2\/3&#8243;][vc_column_text]<\/p>\n<h3>\u0627\u062a\u0635\u0644 \u0628\u0646\u0627<\/h3>\n<p>[\/vc_column_text]<div role=\"form\" class=\"wpcf7\" id=\"wpcf7-f827-o1\" lang=\"en-US\" dir=\"ltr\">\n<div class=\"screen-reader-response\"><p role=\"status\" aria-live=\"polite\" aria-atomic=\"true\"><\/p> <ul><\/ul><\/div>\n<form action=\"\/ar\/wp-json\/wp\/v2\/pages\/843\/#wpcf7-f827-o1\" method=\"post\" class=\"wpcf7-form init\" novalidate=\"novalidate\" data-status=\"init\">\n<div style=\"display: none;\">\n<input type=\"hidden\" name=\"_wpcf7\" value=\"827\" \/>\n<input type=\"hidden\" name=\"_wpcf7_version\" value=\"5.5.4\" \/>\n<input type=\"hidden\" name=\"_wpcf7_locale\" value=\"en_US\" \/>\n<input type=\"hidden\" name=\"_wpcf7_unit_tag\" value=\"wpcf7-f827-o1\" \/>\n<input type=\"hidden\" name=\"_wpcf7_container_post\" value=\"0\" \/>\n<input type=\"hidden\" name=\"_wpcf7_posted_data_hash\" value=\"\" \/>\n<\/div>\n<p>\u0627\u0644\u0627\u0633\u0645 (required)<br \/>\n    <span class=\"wpcf7-form-control-wrap your-name\"><input type=\"text\" name=\"your-name\" value=\"\" size=\"40\" class=\"wpcf7-form-control wpcf7-text wpcf7-validates-as-required\" aria-required=\"true\" aria-invalid=\"false\" \/><\/span> <\/p>\n<p>\u0627\u0644\u0628\u0631\u064a\u062f \u0627\u0644\u0625\u0644\u0643\u062a\u0631\u0648\u0646\u064a (required)<br \/>\n    <span class=\"wpcf7-form-control-wrap your-email\"><input type=\"email\" name=\"your-email\" value=\"\" size=\"40\" class=\"wpcf7-form-control wpcf7-text wpcf7-email wpcf7-validates-as-required wpcf7-validates-as-email\" aria-required=\"true\" aria-invalid=\"false\" \/><\/span> <\/p>\n<p>\u0627\u0644\u0631\u0633\u0627\u0644\u0629<br \/>\n    <span class=\"wpcf7-form-control-wrap your-message\"><textarea name=\"your-message\" cols=\"40\" rows=\"10\" class=\"wpcf7-form-control wpcf7-textarea\" aria-invalid=\"false\"><\/textarea><\/span> <\/p>\n<p><input type=\"submit\" value=\"\u0625\u0631\u0633\u0627\u0644 \u0627\u0644\u0631\u0633\u0627\u0644\u0629\" class=\"wpcf7-form-control has-spinner wpcf7-submit\" \/><\/p>\n<div class=\"wpcf7-response-output\" aria-hidden=\"true\"><\/div><\/form><\/div>[\/vc_column_inner][vc_column_inner width=&#8221;1\/3&#8243;][vc_column_text]<\/p>\n<h3 style=\"text-align: right;\">\u0627\u0628\u0642 \u0639\u0644\u0649 \u0627\u062a\u0635\u0627\u0644<\/h3>\n<p>[\/vc_column_text][vc_column_text]<img loading=\"lazy\" class=\"wp-image-860 alignright\" src=\"http:\/\/www.glamourhotel.com\/wp-content\/uploads\/2016\/04\/map-point.png\" alt=\"map-point\" width=\"40\" height=\"40\" \/>Hocapa\u015fa Mahallesi Vezir Cami \u00c7\u0131kmaz\u0131<br \/>\nSok. No:4 Sirkeci \u2013 Fatih \/\u0130stanbul[\/vc_column_text][vc_separator color=&#8221;custom&#8221; accent_color=&#8221;#e2e2e2&#8243;][vc_column_text]<img loading=\"lazy\" class=\"wp-image-877 alignright\" src=\"http:\/\/www.glamourhotel.com\/wp-content\/uploads\/2016\/04\/telephon.png\" alt=\"\" width=\"40\" height=\"45\" \/>+90 212 519 1777<br \/>\n+90 212 519 1778[\/vc_column_text][vc_separator color=&#8221;custom&#8221; accent_color=&#8221;#e2e2e2&#8243;][vc_column_text]<img loading=\"lazy\" class=\"aligncenter wp-image-1137 size-full\" src=\"http:\/\/www.glamourhotel.com\/wp-content\/uploads\/2016\/04\/whatsapp2.png\" alt=\"\" width=\"60\" height=\"67\" \/> +90 530 043 5936[\/vc_column_text][vc_separator color=&#8221;custom&#8221; accent_color=&#8221;#e2e2e2&#8243;][vc_column_text]<img loading=\"lazy\" class=\"wp-image-1087 alignright\" src=\"http:\/\/www.glamourhotel.com\/wp-content\/uploads\/2016\/04\/mmail.png\" alt=\"\" width=\"42\" height=\"30\" \/>info@www.glamourhotel.com[\/vc_column_text][\/vc_column_inner][\/vc_row_inner][vc_row_inner][vc_column_inner][vc_gmaps link=&#8221;#E-8_JTNDaWZyYW1lJTIwc3JjJTNEJTIyaHR0cHMlM0ElMkYlMkZ3d3cuZ29vZ2xlLmNvbSUyRm1hcHMlMkZlbWJlZCUzRnBiJTNEJTIxMW0xNCUyMTFtOCUyMTFtMyUyMTFkMTg4LjE1NTkwMDMwMjI5NzYlMjEyZDI4Ljk3NjMwMjU5NTczNTU0NyUyMTNkNDEuMDE0NDM4MjA5ODQ3MzA2JTIxM20yJTIxMWkxMDI0JTIxMmk3NjglMjE0ZjEzLjElMjEzbTMlMjExbTIlMjExczB4MCUyNTNBMHgwJTIxMnpOREhDc0RBd0p6VXlMakFpVGlBeU9NS3dOVGduTXpRdU5pSkYlMjE1ZTAlMjEzbTIlMjExc3RyJTIxMnMlMjE0djE0NTk0OTkwNjA2MzIlMjIlMjB3aWR0aCUzRCUyMjEwMCUyNSUyMiUyMGhlaWdodCUzRCUyMjQ1MCUyMiUyMGZyYW1lYm9yZGVyJTNEJTIyMCUyMiUyMHN0eWxlJTNEJTIyYm9yZGVyJTNBMCUyMiUyMGFsbG93ZnVsbHNjcmVlbiUzRSUzQyUyRmlmcmFtZSUzRQ==&#8221;][\/vc_column_inner][\/vc_row_inner][\/vc_column][\/vc_row]<\/p>\n","protected":false},"excerpt":{"rendered":"<p>[vc_row][vc_column][vc_row_inner css=&#8221;.vc_custom_1459777284917{margin-top: -35px !important;padding-top: -35px !important;}&#8221;][vc_column_inner width=&#8221;2\/3&#8243;][vc_column_text] \u0627\u062a\u0635\u0644 \u0628\u0646\u0627 [\/vc_column_text][\/vc_column_inner][vc_column_inner width=&#8221;1\/3&#8243;][vc_column_text] \u0627\u0628\u0642 \u0639\u0644\u0649 \u0627\u062a\u0635\u0627\u0644 [\/vc_column_text][vc_column_text]Hocapa\u015fa Mahallesi Vezir Cami \u00c7\u0131kmaz\u0131 Sok. [&hellip;]<\/p>\n","protected":false},"author":1,"featured_media":0,"parent":0,"menu_order":0,"comment_status":"closed","ping_status":"closed","template":"","meta":[],"_links":{"self":[{"href":"https:\/\/www.glamourhotel.com\/ar\/wp-json\/wp\/v2\/pages\/843\/"}],"collection":[{"href":"https:\/\/www.glamourhotel.com\/ar\/wp-json\/wp\/v2\/pages\/"}],"about":[{"href":"https:\/\/www.glamourhotel.com\/ar\/wp-json\/wp\/v2\/types\/page\/"}],"author":[{"embeddable":true,"href":"https:\/\/www.glamourhotel.com\/ar\/wp-json\/wp\/v2\/users\/1\/"}],"replies":[{"embeddable":true,"href":"https:\/\/www.glamourhotel.com\/ar\/wp-json\/wp\/v2\/comments\/?post=843"}],"version-history":[{"count":20,"href":"https:\/\/www.glamourhotel.com\/ar\/wp-json\/wp\/v2\/pages\/843\/revisions\/"}],"predecessor-version":[{"id":1642,"href":"https:\/\/www.glamourhotel.com\/ar\/wp-json\/wp\/v2\/pages\/843\/revisions\/1642\/"}],"wp:attachment":[{"href":"https:\/\/www.glamourhotel.com\/ar\/wp-json\/wp\/v2\/media\/?parent=843"}],"curies":[{"name":"wp","href":"https:\/\/api.w.org\/{rel}","templated":true}]}}